
{"id":8,"date":"2016-11-28T19:21:53","date_gmt":"2016-11-28T18:21:53","guid":{"rendered":"http:\/\/www.lebensraumplaner.at\/wordpress\/?page_id=8"},"modified":"2016-12-27T09:52:30","modified_gmt":"2016-12-27T08:52:30","slug":"taetigkeit","status":"publish","type":"page","link":"https:\/\/www.lebensraumplaner.at\/?page_id=8","title":{"rendered":"T\u00e4tigkeit"},"content":{"rendered":"<p>Wir entwerfen und gestalten die Architektur und Innenarchitektur von privaten Wohnh\u00e4usern und Gewerbebauten. Zu unserem Aufgabengebiet geh\u00f6ren neben Zu- und Umbauten auch die Fassadengestaltung und die Gartenarchitektur.<\/p>\n<p>Unsere Leistung umfasst die Vorentwurfs-, Entwurfs- und Ausf\u00fchrungsplanung, die k\u00fcnstlerische Oberleitung der Ausf\u00fchrung, sowie die Kostenermittlung und die Koordination der bauausf\u00fchrenden Firmen. In den Bereichen Hochbau-, Elektro-, und Installationsplanung arbeiten wir mit bew\u00e4hrten Partnerfirmen zusammen.<\/p>\n<p>Im Einrichtungsbereich bieten wir zus\u00e4tzlich zur Planung des Wohnkonzepts auch die Lieferung der M\u00f6bel und Innenausstattung. Unsere Produktpalette erstreckt sich \u00fcber den gesamten Wohnbereich, von der Einbauk\u00fcche bis zum Badezimmer, vom Wellnessbereich bis zur Beleuchtung.<\/p>\n","protected":false},"excerpt":{"rendered":"<p>Wir entwerfen und gestalten die Architektur und Innenarchitektur von privaten Wohnh\u00e4usern und Gewerbebauten. Zu unserem Aufgabengebiet geh\u00f6ren neben Zu- und Umbauten auch die Fassadengestaltung und die Gartenarchitektur. Unsere Leistung umfasst die Vorentwurfs-, Entwurfs- und Ausf\u00fchrungsplanung, die k\u00fcnstlerische Oberleitung der Ausf\u00fchrung, sowie die Kostenermittlung und die Koordination der bauausf\u00fchrenden Firmen. In den Bereichen Hochbau-, Elektro-, und [&hellip;]<\/p>\n","protected":false},"author":2,"featured_media":839,"parent":0,"menu_order":0,"comment_status":"closed","ping_status":"closed","template":"","meta":[],"_links":{"self":[{"href":"https:\/\/www.lebensraumplaner.at\/index.php?rest_route=\/wp\/v2\/pages\/8"}],"collection":[{"href":"https:\/\/www.lebensraumplaner.at\/index.php?rest_route=\/wp\/v2\/pages"}],"about":[{"href":"https:\/\/www.lebensraumplaner.at\/index.php?rest_route=\/wp\/v2\/types\/page"}],"author":[{"embeddable":true,"href":"https:\/\/www.lebensraumplaner.at\/index.php?rest_route=\/wp\/v2\/users\/2"}],"replies":[{"embeddable":true,"href":"https:\/\/www.lebensraumplaner.at\/index.php?rest_route=%2Fwp%2Fv2%2Fcomments&post=8"}],"version-history":[{"count":6,"href":"https:\/\/www.lebensraumplaner.at\/index.php?rest_route=\/wp\/v2\/pages\/8\/revisions"}],"predecessor-version":[{"id":880,"href":"https:\/\/www.lebensraumplaner.at\/index.php?rest_route=\/wp\/v2\/pages\/8\/revisions\/880"}],"wp:featuredmedia":[{"embeddable":true,"href":"https:\/\/www.lebensraumplaner.at\/index.php?rest_route=\/wp\/v2\/media\/839"}],"wp:attachment":[{"href":"https:\/\/www.lebensraumplaner.at\/index.php?rest_route=%2Fwp%2Fv2%2Fmedia&parent=8"}],"curies":[{"name":"wp","href":"https:\/\/api.w.org\/{rel}","templated":true}]}}